{"id":204,"date":"2023-08-05T16:53:50","date_gmt":"2023-08-05T16:53:50","guid":{"rendered":"https:\/\/pmrapp.com\/about-us\/"},"modified":"2023-08-14T05:32:24","modified_gmt":"2023-08-14T05:32:24","slug":"about-us","status":"publish","type":"page","link":"https:\/\/pmrapp.com\/es\/about-us\/","title":{"rendered":"ACERCA DE"},"content":{"rendered":"\n<h1 class=\"wp-block-heading has-text-align-center has-text-color has-large-font-size\" style=\"color:#315997;text-transform:capitalize\"><strong><u>ACERCA DE ESTA APLICACI\u00d3N Y TOM DOZIER<\/u><\/strong><\/h1>\n\n\n\n<p>Tom Dozier es un cient\u00edfico del comportamiento que ha investigado y desarrollado un tratamiento para la misofon\u00eda desde 2012. Se ha convertido en un experto en relajaci\u00f3n y utiliza la relajaci\u00f3n muscular progresiva (PMR) como parte de su tratamiento para la misofon\u00eda, que se conoce como terapia de relajaci\u00f3n y contra acondicionamiento (RCT). Tom desarroll\u00f3 una aplicaci\u00f3n de PMR llamada Misophonia Muscle Relaxation (MMR) que ofrece sesiones de PMR para personas con misofon\u00eda. La aplicaci\u00f3n MMR est\u00e1 disponible para dispositivos Apple y Android. La aplicaci\u00f3n PMR es b\u00e1sicamente una duplicaci\u00f3n de la aplicaci\u00f3n MMR, pero est\u00e1 dirigida a personas con ansiedad, estr\u00e9s, trastornos de estr\u00e9s postraum\u00e1tico, hipertensi\u00f3n u otras afecciones que tienen una tensi\u00f3n muscular significativa.&nbsp;<\/p>\n\n\n\n<p>&nbsp;La primera Carrera de Tom fue como ingeniero de fabricaci\u00f3n y gerente de ingenier\u00eda. Cambi\u00f3 a la ciencia del comportamiento en 2003 y se convirti\u00f3 en un entrenador de crianza conductual (Consulte Guaranteedpt.com o 3LPareting.com). Cambi\u00e9 porque me convert\u00ed.<\/p>\n\n\n\n<p>Tom ha identificado que muchas condiciones tienen reflejos aprendidos accidentalmente y pueden beneficiarse de la terapia de relajaci\u00f3n y contra acondicionamiento.<\/p>\n\n\n\n<p>Tom trabaja con personas individualmente por telesalud (Zoom). Si est\u00e1 interesado en su ayuda, p\u00f3ngase en contacto con \u00e9l.<\/p>\n","protected":false},"excerpt":{"rendered":"<p>ACERCA DE ESTA APLICACI\u00d3N Y TOM DOZIER Tom Dozier es un cient\u00edfico del comportamiento que ha investigado y desarrollado un tratamiento para la misofon\u00eda desde 2012. Se ha convertido en un experto en relajaci\u00f3n y utiliza la relajaci\u00f3n muscular progresiva (PMR) como parte de su tratamiento para la misofon\u00eda, que se conoce como terapia de [&hellip;]<\/p>\n","protected":false},"author":4,"featured_media":0,"parent":0,"menu_order":0,"comment_status":"closed","ping_status":"closed","template":"","meta":{"ocean_post_layout":"","ocean_both_sidebars_style":"","ocean_both_sidebars_content_width":0,"ocean_both_sidebars_sidebars_width":0,"ocean_sidebar":"0","ocean_second_sidebar":"0","ocean_disable_margins":"enable","ocean_add_body_class":"","ocean_shortcode_before_top_bar":"","ocean_shortcode_after_top_bar":"","ocean_shortcode_before_header":"","ocean_shortcode_after_header":"","ocean_has_shortcode":"","ocean_shortcode_after_title":"","ocean_shortcode_before_footer_widgets":"","ocean_shortcode_after_footer_widgets":"","ocean_shortcode_before_footer_bottom":"","ocean_shortcode_after_footer_bottom":"","ocean_display_top_bar":"default","ocean_display_header":"default","ocean_header_style":"","ocean_center_header_left_menu":"0","ocean_custom_header_template":"0","ocean_custom_logo":0,"ocean_custom_retina_logo":0,"ocean_custom_logo_max_width":0,"ocean_custom_logo_tablet_max_width":0,"ocean_custom_logo_mobile_max_width":0,"ocean_custom_logo_max_height":0,"ocean_custom_logo_tablet_max_height":0,"ocean_custom_logo_mobile_max_height":0,"ocean_header_custom_menu":"0","ocean_menu_typo_font_family":"0","ocean_menu_typo_font_subset":"","ocean_menu_typo_font_size":0,"ocean_menu_typo_font_size_tablet":0,"ocean_menu_typo_font_size_mobile":0,"ocean_menu_typo_font_size_unit":"px","ocean_menu_typo_font_weight":"","ocean_menu_typo_font_weight_tablet":"","ocean_menu_typo_font_weight_mobile":"","ocean_menu_typo_transform":"","ocean_menu_typo_transform_tablet":"","ocean_menu_typo_transform_mobile":"","ocean_menu_typo_line_height":0,"ocean_menu_typo_line_height_tablet":0,"ocean_menu_typo_line_height_mobile":0,"ocean_menu_typo_line_height_unit":"","ocean_menu_typo_spacing":0,"ocean_menu_typo_spacing_tablet":0,"ocean_menu_typo_spacing_mobile":0,"ocean_menu_typo_spacing_unit":"","ocean_menu_link_color":"","ocean_menu_link_color_hover":"","ocean_menu_link_color_active":"","ocean_menu_link_background":"","ocean_menu_link_hover_background":"","ocean_menu_link_active_background":"","ocean_menu_social_links_bg":"","ocean_menu_social_hover_links_bg":"","ocean_menu_social_links_color":"","ocean_menu_social_hover_links_color":"","ocean_disable_title":"on","ocean_disable_heading":"enable","ocean_post_title":"","ocean_post_subheading":"","ocean_post_title_style":"background-image","ocean_post_title_background_color":"#000000","ocean_post_title_background":0,"ocean_post_title_bg_image_position":"","ocean_post_title_bg_image_attachment":"","ocean_post_title_bg_image_repeat":"","ocean_post_title_bg_image_size":"","ocean_post_title_height":0,"ocean_post_title_bg_overlay":0.5,"ocean_post_title_bg_overlay_color":"","ocean_disable_breadcrumbs":"off","ocean_breadcrumbs_color":"","ocean_breadcrumbs_separator_color":"","ocean_breadcrumbs_links_color":"","ocean_breadcrumbs_links_hover_color":"","ocean_display_footer_widgets":"default","ocean_display_footer_bottom":"default","ocean_custom_footer_template":"0","footnotes":""},"class_list":["post-204","page","type-page","status-publish","hentry","entry"],"_links":{"self":[{"href":"https:\/\/pmrapp.com\/es\/wp-json\/wp\/v2\/pages\/204","targetHints":{"allow":["GET"]}}],"collection":[{"href":"https:\/\/pmrapp.com\/es\/wp-json\/wp\/v2\/pages"}],"about":[{"href":"https:\/\/pmrapp.com\/es\/wp-json\/wp\/v2\/types\/page"}],"author":[{"embeddable":true,"href":"https:\/\/pmrapp.com\/es\/wp-json\/wp\/v2\/users\/4"}],"replies":[{"embeddable":true,"href":"https:\/\/pmrapp.com\/es\/wp-json\/wp\/v2\/comments?post=204"}],"version-history":[{"count":2,"href":"https:\/\/pmrapp.com\/es\/wp-json\/wp\/v2\/pages\/204\/revisions"}],"predecessor-version":[{"id":219,"href":"https:\/\/pmrapp.com\/es\/wp-json\/wp\/v2\/pages\/204\/revisions\/219"}],"wp:attachment":[{"href":"https:\/\/pmrapp.com\/es\/wp-json\/wp\/v2\/media?parent=204"}],"curies":[{"name":"wp","href":"https:\/\/api.w.org\/{rel}","templated":true}]}}