{"id":205,"date":"2023-08-13T05:38:44","date_gmt":"2023-08-13T05:38:44","guid":{"rendered":"https:\/\/pmrapp.com\/homepage\/"},"modified":"2023-08-14T05:33:34","modified_gmt":"2023-08-14T05:33:34","slug":"homepage","status":"publish","type":"page","link":"https:\/\/pmrapp.com\/es\/","title":{"rendered":"P\u00e1gina de inicio"},"content":{"rendered":"\n<h1 class=\"wp-block-heading alignfull has-text-align-center has-text-color has-x-large-font-size\" style=\"color:#315997;text-transform:capitalize\">La relajaci\u00f3n muscular progresiva<\/h1>\n\n\n\n<p>La relajaci\u00f3n muscular progresiva (PRM, por sus siglas en Ingl\u00e9s) es una t\u00e9cnica que consiste en tensar y luego relajar de manera sistem\u00e1tica diferentes grupos de m\u00fasculos para inducir un estado de relajaci\u00f3n profunda y desarrollar nuevas conexiones cerebrales que le permitan relajarse cuando lo desee. Este segundo beneficio, desarrolla nuevas conexiones cerebrales para relajarse a pedido, es el beneficio m\u00e1s importante sobre misofon\u00eda.<\/p>\n\n\n\n<p>Mira esta simulaci\u00f3n de lo que sucede en tu cerebro cuando les das nueva informaci\u00f3n sobre lo que significa relajar un m\u00fasculo espec\u00edfico versus estar tenso.<\/p>\n\n\n\n<div class=\"wp-block-columns is-layout-flex wp-container-core-columns-is-layout-9d6595d7 wp-block-columns-is-layout-flex\">\n<div class=\"wp-block-column is-layout-flow wp-block-column-is-layout-flow\" style=\"flex-basis:100%\">\n<figure class=\"wp-block-embed is-type-video is-provider-youtube wp-block-embed-youtube wp-embed-aspect-16-9 wp-has-aspect-ratio\"><div class=\"wp-block-embed__wrapper\">\n<p class=\"responsive-video-wrap clr\"><iframe loading=\"lazy\" title=\"Synaptogenesis Spanish\" width=\"1200\" height=\"675\" src=\"https:\/\/www.youtube.com\/embed\/_aidC8caFCI?feature=oembed\" frameborder=\"0\" allow=\"accelerometer; autoplay; clipboard-write; encrypted-media; gyroscope; picture-in-picture; web-share\" allowfullscreen><\/iframe><\/p>\n<\/div><\/figure>\n<\/div>\n<\/div>\n\n\n\n<p>La plasticidad cerebral es la capacidad del cerebro para cambiar el <em>\u201ccableado\u201d<\/em> para crear una capacidad nueva o mejorada. Es f\u00e1cil relajar la mano. Solo int\u00e9ntalo ahora. Pero es imposible relajar la mayor parte de los m\u00fasculos a pedido. Trate de relajar sus pantorrillas ahora. \u00bfNo puedes encontrar esos m\u00fasculos? Eso se debe a que ha usado su mano millones de veces, y eso desarrolla el \u201ccableado\u201d mejorado, pero no ha hecho esto con sus pantorrillas\u201d.<\/p>\n\n\n\n<p>Este video muestra neuronas cerebrales reales creando nuevas conexiones, basadas en recibir <em>\u201cnueva informaci\u00f3n\u201d.<\/em><\/p>\n\n\n\n<div class=\"wp-block-columns is-layout-flex wp-container-core-columns-is-layout-9d6595d7 wp-block-columns-is-layout-flex\">\n<div class=\"wp-block-column is-layout-flow wp-block-column-is-layout-flow\" style=\"flex-basis:100%\">\n<figure class=\"wp-block-embed is-type-video is-provider-youtube wp-block-embed-youtube wp-embed-aspect-4-3 wp-has-aspect-ratio\"><div class=\"wp-block-embed__wrapper\">\n<p class=\"responsive-video-wrap clr\"><iframe loading=\"lazy\" title=\"Neuron Connectivity Time Lapse\" width=\"1200\" height=\"900\" src=\"https:\/\/www.youtube.com\/embed\/vZ1P1CVfCNc?feature=oembed\" frameborder=\"0\" allow=\"accelerometer; autoplay; clipboard-write; encrypted-media; gyroscope; picture-in-picture; web-share\" allowfullscreen><\/iframe><\/p>\n<\/div><\/figure>\n<\/div>\n<\/div>\n\n\n\n<p>La aplicaci\u00f3n PMR, Relajaci\u00f3n Muscular Progresiva, lo gu\u00eda a trav\u00e9s de sesiones de PMR que desencadenar\u00e1n el crecimiento de nuevas conexiones neuronales para desarrollar la capacidad neurol\u00f3gica de relajar los m\u00fasculos a pedido, especialmente cuando se sienta tenso. Esto reducir\u00e1 su ansiedad u otra condici\u00f3n como TEPT, estr\u00e9s o trauma. La aplicaci\u00f3n es gratuita para las funciones est\u00e1ndar, pero si crea una cuenta (seleccione la opci\u00f3n B\u00e1sica gratuita), obtendr\u00e1 todas las funciones gratis durante 7 d\u00edas para que pueda explorar la capacidad de la aplicaci\u00f3n. Hay muchas funciones avanzadas en la aplicaci\u00f3n, e incluso puede crear sus propias sesiones personalizadas para trabajar en la parte de su cuerpo donde mantiene la tensi\u00f3n.<\/p>\n\n\n\n<p>[link to app in app store]<\/p>\n\n\n\n<h2 class=\"wp-block-heading has-text-color has-medium-font-size\" style=\"color:#315997;text-transform:capitalize\"><strong>BENEFICIOS DE LA PMR-RELAJACI\u00d3N MUSCULAR PROGRESIVA<\/strong><\/h2>\n\n\n\n<p>Estos son los beneficios clave de practicar la relajaci\u00f3n muscular progresiva:<\/p>\n\n\n\n<ol class=\"wp-block-list\" type=\"1\">\n<li><strong>Reducci\u00f3n del estr\u00e9s:<\/strong> PMR ayuda a liberar la tensi\u00f3n f\u00edsica y mental, promoviendo una sensaci\u00f3n de calma y relajaci\u00f3n. Al tensar y luego relajar los m\u00fasculos conscientemente, se vuelve m\u00e1s consciente de las sensaciones de relajaci\u00f3n y puede relajarse a pedido, lo que contrarrestar\u00e1 los efectos del estr\u00e9s.<\/li>\n\n\n\n<li><strong>Relajaci\u00f3n muscular:<\/strong> La PMR es eficaz para reducir la tensi\u00f3n muscular y promover la relajaci\u00f3n muscular en todo el cuerpo. Puede ayudar a aliviar la tensi\u00f3n, la rigidez y el dolor muscular, especialmente en \u00e1reas com\u00fanmente afectadas por el estr\u00e9s, como el cuello, los hombros y la mand\u00edbula.<\/li>\n\n\n\n<li><strong>Mejora de la calidad del sue\u00f1o:<\/strong> Practicar PMR antes de acostarse puede promover un mejor sue\u00f1o. Al relajar los m\u00fasculos y calmar la mente, puede reducir los s\u00edntomas del insomnio y lograr un sue\u00f1o m\u00e1s reparador y rejuvenecedor.<\/li>\n\n\n\n<li><strong>Manejo de la ansiedad y el estr\u00e9s:<\/strong> La PMR se usa a menudo como una t\u00e9cnica de autoayuda para manejar la ansiedad y el estr\u00e9s. La pr\u00e1ctica regular puede ayudarlo a estar m\u00e1s en sinton\u00eda con las se\u00f1ales de tensi\u00f3n y estr\u00e9s de su cuerpo, permiti\u00e9ndole intervenir y relajar sus m\u00fasculos en respuesta.<\/li>\n\n\n\n<li><strong>Bienestar emocional:<\/strong> La relajaci\u00f3n muscular progresiva puede tener un impacto positivo en el bienestar emocional al reducir los s\u00edntomas f\u00edsicos asociados con el estr\u00e9s, como el aumento del ritmo card\u00edaco y la respiraci\u00f3n superficial. Al promover la relajaci\u00f3n, la PMR puede ayudar a crear una sensaci\u00f3n de paz y equilibrio interior.<\/li>\n\n\n\n<li><strong>Conexi\u00f3n mente-cuerpo:<\/strong> PMR mejora la conexi\u00f3n mente-cuerpo al enfocar su atenci\u00f3n en diferentes grupos de m\u00fasculos y las sensaciones que experimentan. Esta mayor conciencia de su cuerpo puede ayudarlo a estar m\u00e1s en sinton\u00eda con las se\u00f1ales f\u00edsicas y emocionales, lo que lleva a una mejor autorregulaci\u00f3n de bienestar general.<\/li>\n\n\n\n<li><strong>Terapia complementaria:<\/strong> La PMR se puede utilizar como terapia complementaria junto con otros enfoques de tratamiento para diversas afecciones, como dolor cr\u00f3nico, presi\u00f3n arterial alta, dolores de cabeza y ciertos trastornos de salud mental. Puede proporcionar una forma natural y no invasiva de controlar los s\u00edntomas y mejorar la calidad de vida en general<\/li>\n<\/ol>\n\n\n\n<p>Recuerde que la PMR hace crecer las conexiones neuronales para relajarse a pedido, pero el yoga, la meditaci\u00f3n guiada y la meditaci\u00f3n consciente no lo hacen. Al igual que la PMR, estos tres m\u00e9todos de relajaci\u00f3n le brindan un alivio inmediato y muchos beneficios de la relajaci\u00f3n profunda diaria, pero solo la PMR hace crecer las conexiones neuronales para permitirle relajarse r\u00e1pidamente, a pedido, cuando se sienta tenso o estresado.<\/p>\n\n\n\n<h2 class=\"wp-block-heading has-text-color has-medium-font-size\" style=\"color:#315997;text-transform:capitalize\"><strong>C\u00d3MO PMR PUEDE AYUDAR A UNA PERSONA CON ANSIEDAD<\/strong><\/h2>\n\n\n\n<p>La relajaci\u00f3n muscular progresiva (PMR) puede ser beneficiosa para las personas con ansiedad de varias maneras:<\/p>\n\n\n\n<ol class=\"wp-block-list\" type=\"1\">\n<li><strong>Respuesta de relajaci\u00f3n:<\/strong> PMR activa la respuesta de relajaci\u00f3n del cuerpo, contrarrestando los efectos fisiol\u00f3gicos de la ansiedad. Al tensar y luego relajar sistem\u00e1ticamente los grupos musculares, la&nbsp; PMR ayuda a liberar la tensi\u00f3n y reduce los s\u00edntomas f\u00edsicos asociados con la ansiedad, como el aumento del ritmo cardiaco, la respiraci\u00f3n superficial y la tensi\u00f3n muscular.<\/li>\n\n\n\n<li><strong>Mayor conciencia corporal:<\/strong> La PMR mejora la conciencia corporal al dirigir la atenci\u00f3n a diferentes grupos musculares y sus sensaciones. Esta mayor conciencia les permite a las personas reconocer y liberar la tensi\u00f3n en sus cuerpos, lo que puede ayudarlos a estar m\u00e1s en sinton\u00eda con las manifestaciones f\u00edsicas de la ansiedad e intervenir antes del ciclo de la ansiedad.<\/li>\n\n\n\n<li><strong>Distracci\u00f3n y redirecci\u00f3n del enfoque:<\/strong> Participar en PMR proporciona una actividad estructurada y enfocada que puede desviar la atenci\u00f3n de los pensamientos ansiosos y las preocupaciones. Al concentrarse en el proceso de tensar y relajar los m\u00fasculos, las personas pueden cambiar su enfoque de los pensamientos que provocan ansiedad y redirigirlo hacia las sensaciones de relajaci\u00f3n.<\/li>\n\n\n\n<li><strong>Efecto calmante en la mente:<\/strong> La relajaci\u00f3n inducida por PMR puede tener un efecto calmante en la mente, reduciendo la ansiedad y promoviendo una sensaci\u00f3n de calma. Al relajar el cuerpo, la PMR puede ayudar a calmar los pensamientos acelerados y generar un estado mental m\u00e1s pac\u00edfico.<\/li>\n\n\n\n<li><strong>Manejo del estr\u00e9s:<\/strong> PMR es una herramienta eficaz para el manejo del estr\u00e9s, y la ansiedad a menudo va de la mano con el estr\u00e9s. Al practicar PMR regularmente, las personas pueden aprender a manejar y reducir de manera proactiva los niveles de estr\u00e9s, lo que puede contribuir a una disminuci\u00f3n de la frecuencia y la intensidad de los s\u00edntomas de ansiedad.<\/li>\n\n\n\n<li><strong>Autorregulaci\u00f3n y empoderamiento:<\/strong> Aprender y practicar PMR empodera a las personas con una herramienta de autoayuda que pueden usar cada vez que surge la ansiedad. Al dominar esta t\u00e9cnica, las personas obtienen una sensaci\u00f3n de control sobre sus s\u00edntomas de ansiedad y pueden participar activamente en el manejo de su bienestar.<\/li>\n<\/ol>\n\n\n\n<p>Vale la pena se\u00f1alar que, si bien la PMR puede ser \u00fatil para controlar la ansiedad, es posible que no sea un tratamiento independiente para los trastornos de ansiedad. A menudo se usa como parte de un plan de tratamiento integral que puede incluir terapia, medicamentos y otras estrategias adaptadas a las necesidades espec\u00edficas del individuo. Es recomendable consultar con un profesional de la salud o un terapeuta para determinar el enfoque m\u00e1s adecuado para controlar la ansiedad.<\/p>\n\n\n\n<h2 class=\"wp-block-heading has-text-color has-medium-font-size\" style=\"color:#315997;text-transform:capitalize\"><strong><strong>\u00bfC\u00d3MO PMR PUEDE AYUDAR A UNA PERSONA CON MISOFON\u00cdA?<\/strong><\/strong><\/h2>\n\n\n\n<p>La relajaci\u00f3n muscular progresiva (PMR, por sus siglas en ingl\u00e9s) puede brindar algunos beneficios a las personas con misofon\u00eda, una condici\u00f3n caracterizada por una fuerte respuesta emocional o fisiol\u00f3gica a sonidos espec\u00edficos. Si bien la PMR no aborda directamente la misofon\u00eda, puede ayudar a las personas a controlar su respuesta a los desencadenantes y promover la relajaci\u00f3n general. As\u00ed es como PMR puede ayudar potencialmente:<\/p>\n\n\n\n<ol class=\"wp-block-list\" type=\"1\">\n<li><strong>Reducci\u00f3n del estr\u00e9s:<\/strong> Los desencadenantes de la misofon\u00eda a menudo conducen a un mayor estr\u00e9s y angustia emocional. PMR puede ayudar a las personas con misofon\u00eda a controlar el estr\u00e9s promover la relajaci\u00f3n y reducir la tensi\u00f3n general en el cuerpo. Al practicar PMR regularmente, las personas pueden experimentar una disminuci\u00f3n en los niveles generales e estr\u00e9s, lo que puede contribuir a un estado emocional m\u00e1s equilibrado.<\/li>\n\n\n\n<li><strong>Regulaci\u00f3n emocional:<\/strong> Los desencadenantes de la misofon\u00eda pueden provocar reacciones emocionales intensas, como ira, ansiedad o irritabilidad. Participar en PMR puede ayudar a las personas a regular sus emociones al fomentar una sensaci\u00f3n de calma y relajaci\u00f3n. Al practicar PMR, las personas pueden estar mejor equipadas para responder a los desencadenantes misof\u00f3nicos con una respuesta emocional m\u00e1s medida y controlada.<\/li>\n\n\n\n<li><strong>Distracci\u00f3n y redirecci\u00f3n del enfoque: <\/strong>La&nbsp; PMR implica centrar la atenci\u00f3n en grupos musculares espec\u00edficos y las sensaciones de tensi\u00f3n y relajaci\u00f3n. Participar en ejercicios de PMR puede servir como una distracci\u00f3n de los desencadenantes misof\u00f3nicos y redirigir la atenci\u00f3n al cuerpo y sus sensaciones. Este cambio de enfoque puede ayudar a las personas con misofon\u00eda a desviar su atenci\u00f3n de los sonidos desencadenantes y reducir la intensidad de su respuesta emocional y fisiolog\u00eda.<\/li>\n\n\n\n<li><strong>T\u00e9cnica auto calmante:<\/strong> PMR puede servir como una t\u00e9cnica auto calmante para personas con misofon\u00eda. Al participar conscientemente en el proceso de tensar y relajar los m\u00fasculos, las personas pueden encontrar consuelo y alivio de la angustia causada por los desencadenantes misof\u00f3nicos. La PMR puede convertirse en un mecanismo de afrontamiento que las personas pueden emplear cuando se encuentran con sonidos desencadenantes, lo que les permite manejar su respuesta de manera m\u00e1s efectiva.<\/li>\n\n\n\n<li><strong>Beneficios generales de relajaci\u00f3n:<\/strong> Aunque la PMR no aborda directamente los desencadenantes de la misofon\u00eda, la relajaci\u00f3n general inducida por la t\u00e9cnica puede tener un impacto positivo en el bienestar. Al reducir la tensi\u00f3n muscular, promover la relajaci\u00f3n y calmar la mente, la PMR puede contribuir a una sensaci\u00f3n general de relajaci\u00f3n hay un mejor estado emocional, lo que puede ayudar indirectamente a las personas con misofon\u00eda a sobrellevar sus desencadenantes.<\/li>\n<\/ol>\n\n\n\n<p>Si bien la PMR puede ofrecer algunos beneficios para las personas con misofon\u00eda, es importante tener en cuenta que la misofon\u00eda es una afecci\u00f3n compleja y las experiencias individuales pueden variar. Es recomendable trabajar con un profesional de la salud con experiencia en misofon\u00eda o un profesional de la salud mental que pueda proporcionar estrategias y terapias espec\u00edficas adaptadas a las necesidades del individuo.<\/p>\n\n\n\n<h2 class=\"wp-block-heading has-text-color has-medium-font-size\" style=\"color:#315997;text-transform:capitalize\"><strong>\u00bfQU\u00c9 ES LA TERAPIA DE RELAJACI\u00d3N Y CONTRA ACONDICIONAMIENTO (RCT)?<\/strong><\/h2>\n\n\n\n<p>La terapia de relajaci\u00f3n y contra acondicionamiento, es un enfoque terap\u00e9utico destinado a reducir la ansiedad, el miedo u otras respuestas emocionales negativas a trav\u00e9s de t\u00e9cnicas de relajaci\u00f3n y el proceso de contra acondicionamiento. Esta terapia fue desarrollada por Thomas Dozier para tratar la misofon\u00eda. Para obtener informaci\u00f3n sobre esta terapia, visite <strong><u><a href=\"http:\/\/misophoniatreatment.com\">misophoniatreatment.com<\/a><\/u><\/strong><\/p>\n\n\n\n<p>&nbsp;La terapia de relajaci\u00f3n y contra acondicionamiento a menudo se lleva a cabo bajo la gu\u00eda de un terapeuta calificado que puede brindar apoyo, orientaci\u00f3n y un plan de tratamiento estructurado. La terapia puede incluir ejercicios durante la sesi\u00f3n, tareas para el hogar y exposici\u00f3n suave a los desencadenantes fuera de las sesiones de terapia. Thomas Dozier a menudo usa la aplicaci\u00f3n de <em>Misophonia Tigger Tamer, <\/em>que puede reducir la gravead de un desencadenante de un \u201c10\u201d a un \u201c1\u201d, por lo que no hay respuesta emocional. Las t\u00e9cnicas y estrategias espec\u00edficas utilizadas en la terapia variar\u00e1n seg\u00fan las necesidades del individuo y la naturaleza de su misofon\u00eda, determinada en la evaluaci\u00f3n inicial de misofon\u00eda.<\/p>\n","protected":false},"excerpt":{"rendered":"<p>La relajaci\u00f3n muscular progresiva La relajaci\u00f3n muscular progresiva (PRM, por sus siglas en Ingl\u00e9s) es una t\u00e9cnica que consiste en tensar y luego relajar de manera sistem\u00e1tica diferentes grupos de m\u00fasculos para inducir un estado de relajaci\u00f3n profunda y desarrollar nuevas conexiones cerebrales que le permitan relajarse cuando lo desee. Este segundo beneficio, desarrolla nuevas [&hellip;]<\/p>\n","protected":false},"author":4,"featured_media":0,"parent":0,"menu_order":0,"comment_status":"closed","ping_status":"closed","template":"","meta":{"ocean_post_layout":"","ocean_both_sidebars_style":"","ocean_both_sidebars_content_width":0,"ocean_both_sidebars_sidebars_width":0,"ocean_sidebar":"0","ocean_second_sidebar":"0","ocean_disable_margins":"enable","ocean_add_body_class":"","ocean_shortcode_before_top_bar":"","ocean_shortcode_after_top_bar":"","ocean_shortcode_before_header":"","ocean_shortcode_after_header":"","ocean_has_shortcode":"","ocean_shortcode_after_title":"","ocean_shortcode_before_footer_widgets":"","ocean_shortcode_after_footer_widgets":"","ocean_shortcode_before_footer_bottom":"","ocean_shortcode_after_footer_bottom":"","ocean_display_top_bar":"default","ocean_display_header":"default","ocean_header_style":"","ocean_center_header_left_menu":"0","ocean_custom_header_template":"0","ocean_custom_logo":0,"ocean_custom_retina_logo":0,"ocean_custom_logo_max_width":0,"ocean_custom_logo_tablet_max_width":0,"ocean_custom_logo_mobile_max_width":0,"ocean_custom_logo_max_height":0,"ocean_custom_logo_tablet_max_height":0,"ocean_custom_logo_mobile_max_height":0,"ocean_header_custom_menu":"0","ocean_menu_typo_font_family":"0","ocean_menu_typo_font_subset":"","ocean_menu_typo_font_size":0,"ocean_menu_typo_font_size_tablet":0,"ocean_menu_typo_font_size_mobile":0,"ocean_menu_typo_font_size_unit":"px","ocean_menu_typo_font_weight":"","ocean_menu_typo_font_weight_tablet":"","ocean_menu_typo_font_weight_mobile":"","ocean_menu_typo_transform":"","ocean_menu_typo_transform_tablet":"","ocean_menu_typo_transform_mobile":"","ocean_menu_typo_line_height":0,"ocean_menu_typo_line_height_tablet":0,"ocean_menu_typo_line_height_mobile":0,"ocean_menu_typo_line_height_unit":"","ocean_menu_typo_spacing":0,"ocean_menu_typo_spacing_tablet":0,"ocean_menu_typo_spacing_mobile":0,"ocean_menu_typo_spacing_unit":"","ocean_menu_link_color":"","ocean_menu_link_color_hover":"","ocean_menu_link_color_active":"","ocean_menu_link_background":"","ocean_menu_link_hover_background":"","ocean_menu_link_active_background":"","ocean_menu_social_links_bg":"","ocean_menu_social_hover_links_bg":"","ocean_menu_social_links_color":"","ocean_menu_social_hover_links_color":"","ocean_disable_title":"on","ocean_disable_heading":"default","ocean_post_title":"","ocean_post_subheading":"","ocean_post_title_style":"","ocean_post_title_background_color":"","ocean_post_title_background":0,"ocean_post_title_bg_image_position":"","ocean_post_title_bg_image_attachment":"","ocean_post_title_bg_image_repeat":"","ocean_post_title_bg_image_size":"","ocean_post_title_height":0,"ocean_post_title_bg_overlay":0.5,"ocean_post_title_bg_overlay_color":"","ocean_disable_breadcrumbs":"off","ocean_breadcrumbs_color":"","ocean_breadcrumbs_separator_color":"","ocean_breadcrumbs_links_color":"","ocean_breadcrumbs_links_hover_color":"","ocean_display_footer_widgets":"default","ocean_display_footer_bottom":"default","ocean_custom_footer_template":"0","footnotes":""},"class_list":["post-205","page","type-page","status-publish","hentry","entry"],"_links":{"self":[{"href":"https:\/\/pmrapp.com\/es\/wp-json\/wp\/v2\/pages\/205","targetHints":{"allow":["GET"]}}],"collection":[{"href":"https:\/\/pmrapp.com\/es\/wp-json\/wp\/v2\/pages"}],"about":[{"href":"https:\/\/pmrapp.com\/es\/wp-json\/wp\/v2\/types\/page"}],"author":[{"embeddable":true,"href":"https:\/\/pmrapp.com\/es\/wp-json\/wp\/v2\/users\/4"}],"replies":[{"embeddable":true,"href":"https:\/\/pmrapp.com\/es\/wp-json\/wp\/v2\/comments?post=205"}],"version-history":[{"count":3,"href":"https:\/\/pmrapp.com\/es\/wp-json\/wp\/v2\/pages\/205\/revisions"}],"predecessor-version":[{"id":220,"href":"https:\/\/pmrapp.com\/es\/wp-json\/wp\/v2\/pages\/205\/revisions\/220"}],"wp:attachment":[{"href":"https:\/\/pmrapp.com\/es\/wp-json\/wp\/v2\/media?parent=205"}],"curies":[{"name":"wp","href":"https:\/\/api.w.org\/{rel}","templated":true}]}}