{"id":121,"date":"2023-08-05T16:53:50","date_gmt":"2023-08-05T16:53:50","guid":{"rendered":"https:\/\/pmrapp.com\/about-us\/"},"modified":"2023-08-13T06:11:59","modified_gmt":"2023-08-13T06:11:59","slug":"about-us","status":"publish","type":"page","link":"https:\/\/pmrapp.com\/pt-pt\/about-us\/","title":{"rendered":"Sobre a p\u00e1gina"},"content":{"rendered":"\n<h1 class=\"wp-block-heading has-text-align-center has-text-color has-large-font-size\" style=\"color:#315997;text-transform:capitalize\">Sobre a p\u00e1gina do Tom<\/h1>\n\n\n\n<p>Tom Dozier \u00e9 um cientista comportamental que pesquisa e desenvolve tratamento para a misofonia desde 2012. Ele se tornou um especialista em relaxamento e usa o relaxamento muscular progressivo (RMP) como parte de seu tratamento para a misofonia, que \u00e9 conhecido como Terapia de Relaxamento e Contracondicionamento (TRC).<\/p>\n\n\n\n<p>Tom desenvolveu um aplicativo de RMP chamado Relaxamento Muscular para Misofonia (RMM), que fornece sess\u00f5es de RMP para indiv\u00edduos com misofonia. O aplicativo RMM est\u00e1 dispon\u00edvel para dispositivos Apple e Android. O aplicativo RMP \u00e9 basicamente uma duplica\u00e7\u00e3o do aplicativo RMM, por\u00e9m direcionado a indiv\u00edduos com ansiedade, estresse, TEPT, hipertens\u00e3o ou outras condi\u00e7\u00f5es que tenham tens\u00e3o muscular significativa.<\/p>\n\n\n\n<p>A primeira carreira de Tom foi como engenheiro de manufatura e gerente de engenharia. Ele mudou para a ci\u00eancia comportamental em 2003 e se tornou um coach parental (consulte guaranteedpt.com ou 3LParenting.com).<\/p>\n\n\n\n<p>Tom identificou que muitas condi\u00e7\u00f5es t\u00eam reflexos aprendidos acidentalmente e podem se beneficiar da Terapia de Relaxamento e Contracondicionamento.<\/p>\n\n\n\n<p>Tom trabalha com pessoas individualmente por telessa\u00fade (Zoom). Se voc\u00ea estiver interessado na ajuda dele, entre em contato.<\/p>\n","protected":false},"excerpt":{"rendered":"<p>Sobre a p\u00e1gina do Tom Tom Dozier \u00e9 um cientista comportamental que pesquisa e desenvolve tratamento para a misofonia desde 2012. Ele se tornou um especialista em relaxamento e usa o relaxamento muscular progressivo (RMP) como parte de seu tratamento para a misofonia, que \u00e9 conhecido como Terapia de Relaxamento e Contracondicionamento (TRC). Tom desenvolveu [&hellip;]<\/p>\n","protected":false},"author":4,"featured_media":0,"parent":0,"menu_order":0,"comment_status":"closed","ping_status":"closed","template":"","meta":{"ocean_post_layout":"","ocean_both_sidebars_style":"","ocean_both_sidebars_content_width":0,"ocean_both_sidebars_sidebars_width":0,"ocean_sidebar":"0","ocean_second_sidebar":"0","ocean_disable_margins":"enable","ocean_add_body_class":"","ocean_shortcode_before_top_bar":"","ocean_shortcode_after_top_bar":"","ocean_shortcode_before_header":"","ocean_shortcode_after_header":"","ocean_has_shortcode":"","ocean_shortcode_after_title":"","ocean_shortcode_before_footer_widgets":"","ocean_shortcode_after_footer_widgets":"","ocean_shortcode_before_footer_bottom":"","ocean_shortcode_after_footer_bottom":"","ocean_display_top_bar":"default","ocean_display_header":"default","ocean_header_style":"","ocean_center_header_left_menu":"0","ocean_custom_header_template":"0","ocean_custom_logo":0,"ocean_custom_retina_logo":0,"ocean_custom_logo_max_width":0,"ocean_custom_logo_tablet_max_width":0,"ocean_custom_logo_mobile_max_width":0,"ocean_custom_logo_max_height":0,"ocean_custom_logo_tablet_max_height":0,"ocean_custom_logo_mobile_max_height":0,"ocean_header_custom_menu":"0","ocean_menu_typo_font_family":"0","ocean_menu_typo_font_subset":"","ocean_menu_typo_font_size":0,"ocean_menu_typo_font_size_tablet":0,"ocean_menu_typo_font_size_mobile":0,"ocean_menu_typo_font_size_unit":"px","ocean_menu_typo_font_weight":"","ocean_menu_typo_font_weight_tablet":"","ocean_menu_typo_font_weight_mobile":"","ocean_menu_typo_transform":"","ocean_menu_typo_transform_tablet":"","ocean_menu_typo_transform_mobile":"","ocean_menu_typo_line_height":0,"ocean_menu_typo_line_height_tablet":0,"ocean_menu_typo_line_height_mobile":0,"ocean_menu_typo_line_height_unit":"","ocean_menu_typo_spacing":0,"ocean_menu_typo_spacing_tablet":0,"ocean_menu_typo_spacing_mobile":0,"ocean_menu_typo_spacing_unit":"","ocean_menu_link_color":"","ocean_menu_link_color_hover":"","ocean_menu_link_color_active":"","ocean_menu_link_background":"","ocean_menu_link_hover_background":"","ocean_menu_link_active_background":"","ocean_menu_social_links_bg":"","ocean_menu_social_hover_links_bg":"","ocean_menu_social_links_color":"","ocean_menu_social_hover_links_color":"","ocean_disable_title":"on","ocean_disable_heading":"enable","ocean_post_title":"","ocean_post_subheading":"","ocean_post_title_style":"background-image","ocean_post_title_background_color":"#000000","ocean_post_title_background":0,"ocean_post_title_bg_image_position":"","ocean_post_title_bg_image_attachment":"","ocean_post_title_bg_image_repeat":"","ocean_post_title_bg_image_size":"","ocean_post_title_height":0,"ocean_post_title_bg_overlay":0.5,"ocean_post_title_bg_overlay_color":"","ocean_disable_breadcrumbs":"off","ocean_breadcrumbs_color":"","ocean_breadcrumbs_separator_color":"","ocean_breadcrumbs_links_color":"","ocean_breadcrumbs_links_hover_color":"","ocean_display_footer_widgets":"default","ocean_display_footer_bottom":"default","ocean_custom_footer_template":"0","footnotes":""},"class_list":["post-121","page","type-page","status-publish","hentry","entry"],"_links":{"self":[{"href":"https:\/\/pmrapp.com\/pt-pt\/wp-json\/wp\/v2\/pages\/121","targetHints":{"allow":["GET"]}}],"collection":[{"href":"https:\/\/pmrapp.com\/pt-pt\/wp-json\/wp\/v2\/pages"}],"about":[{"href":"https:\/\/pmrapp.com\/pt-pt\/wp-json\/wp\/v2\/types\/page"}],"author":[{"embeddable":true,"href":"https:\/\/pmrapp.com\/pt-pt\/wp-json\/wp\/v2\/users\/4"}],"replies":[{"embeddable":true,"href":"https:\/\/pmrapp.com\/pt-pt\/wp-json\/wp\/v2\/comments?post=121"}],"version-history":[{"count":3,"href":"https:\/\/pmrapp.com\/pt-pt\/wp-json\/wp\/v2\/pages\/121\/revisions"}],"predecessor-version":[{"id":157,"href":"https:\/\/pmrapp.com\/pt-pt\/wp-json\/wp\/v2\/pages\/121\/revisions\/157"}],"wp:attachment":[{"href":"https:\/\/pmrapp.com\/pt-pt\/wp-json\/wp\/v2\/media?parent=121"}],"curies":[{"name":"wp","href":"https:\/\/api.w.org\/{rel}","templated":true}]}}