{"id":142,"date":"2023-08-13T05:38:44","date_gmt":"2023-08-13T05:38:44","guid":{"rendered":"https:\/\/pmrapp.com\/homepage\/"},"modified":"2023-08-13T06:06:44","modified_gmt":"2023-08-13T06:06:44","slug":"homepage","status":"publish","type":"page","link":"https:\/\/pmrapp.com\/pt-pt\/","title":{"rendered":"HomePage"},"content":{"rendered":"\n<h1 class=\"wp-block-heading alignfull has-text-align-center has-text-color has-x-large-font-size\" style=\"color:#315997;text-transform:capitalize\">O relaxamento muscular progressivo<\/h1>\n\n\n\n<p>O relaxamento muscular progressivo (RMP) \u00e9 uma t\u00e9cnica que envolve sistematicamente tensionar e depois relaxar diferentes grupos musculares para induzir um estado de relaxamento profundo e <strong>desenvolver novas conex\u00f5es cerebrais para permitir que voc\u00ea relaxe quandodesejar<\/strong>. Este segundo benef\u00edcio, desenvolver novas conex\u00f5es cerebrais para relaxar quando necess\u00e1rio, \u00e9 o benef\u00edcio mais importante da misofonia.<\/p>\n\n\n\n<p>Veja esta simula\u00e7\u00e3o do que acontece em seu c\u00e9rebro quando voc\u00ea d\u00e1 a ele novas informa\u00e7\u00f5es sobre o que significa relaxar um m\u00fasculo espec\u00edfico versus ficar tenso.<\/p>\n\n\n\n<div class=\"wp-block-columns is-layout-flex wp-container-core-columns-is-layout-9d6595d7 wp-block-columns-is-layout-flex\">\n<div class=\"wp-block-column is-layout-flow wp-block-column-is-layout-flow\" style=\"flex-basis:100%\">\n<figure class=\"wp-block-embed is-type-video is-provider-youtube wp-block-embed-youtube wp-embed-aspect-16-9 wp-has-aspect-ratio\"><div class=\"wp-block-embed__wrapper\">\n<p class=\"responsive-video-wrap clr\"><iframe loading=\"lazy\" title=\"Neuron interconnection simulation\" width=\"1200\" height=\"675\" src=\"https:\/\/www.youtube.com\/embed\/lkfqZ7pnqTo?feature=oembed\" frameborder=\"0\" allow=\"accelerometer; autoplay; clipboard-write; encrypted-media; gyroscope; picture-in-picture; web-share\" allowfullscreen><\/iframe><\/p>\n<\/div><\/figure>\n<\/div>\n<\/div>\n\n\n\n<p>A plasticidade cerebral \u00e9 a capacidade do c\u00e9rebro de alterar a &#8220;conex\u00e3o&#8221; para criar uma habilidade nova ou aprimorada. \u00c9 f\u00e1cil relaxar a m\u00e3o. Tente fazer isso agora. Mas \u00e9 imposs\u00edvel relaxar a maioria de seus outros m\u00fasculos quando necess\u00e1rio. Tente relaxar suas panturrilhas agora. N\u00e3o consegue encontrar esses m\u00fasculos? \u00c9 porque voc\u00ea usou sua m\u00e3o milh\u00f5es de vezes, e isso desenvolve a \u201cconex\u00e3o\u201d aprimorada, mas voc\u00ea n\u00e3o fez isso por suas panturrilhas.<\/p>\n\n\n\n<p>Este v\u00eddeo mostra neur\u00f4nios cerebrais reais criando novas conex\u00f5es, com base no recebimento de &#8220;novas informa\u00e7\u00f5es&#8221;.<\/p>\n\n\n\n<div class=\"wp-block-columns is-layout-flex wp-container-core-columns-is-layout-9d6595d7 wp-block-columns-is-layout-flex\">\n<div class=\"wp-block-column is-layout-flow wp-block-column-is-layout-flow\" style=\"flex-basis:100%\">\n<figure class=\"wp-block-embed is-type-video is-provider-youtube wp-block-embed-youtube wp-embed-aspect-4-3 wp-has-aspect-ratio\"><div class=\"wp-block-embed__wrapper\">\n<p class=\"responsive-video-wrap clr\"><iframe loading=\"lazy\" title=\"Neuron Connectivity Time Lapse\" width=\"1200\" height=\"900\" src=\"https:\/\/www.youtube.com\/embed\/vZ1P1CVfCNc?feature=oembed\" frameborder=\"0\" allow=\"accelerometer; autoplay; clipboard-write; encrypted-media; gyroscope; picture-in-picture; web-share\" allowfullscreen><\/iframe><\/p>\n<\/div><\/figure>\n<\/div>\n<\/div>\n\n\n\n<p>O aplicativo RMP, Relaxamento Muscular Progressivo, orienta voc\u00ea nas sess\u00f5es de RMP que v\u00e3oestimular o crescimento de novas conex\u00f5es neuronais para desenvolver a capacidade neurol\u00f3gica de relaxar os m\u00fasculos quando necess\u00e1rio, especialmente quando voc\u00ea se sentir tenso. Isso reduzir\u00e1 sua ansiedade ou outra condi\u00e7\u00e3o, como TEPT, estresse ou trauma. O aplicativo \u00e9 gratuito para recursos padr\u00e3o, mas se voc\u00ea criar uma conta (selecione a op\u00e7\u00e3o B\u00e1sico-gr\u00e1tis), receber\u00e1 todos os recursos gratuitamente por 7 dias para poder explorar os recursos do aplicativo. Existem muitos Recursos Avan\u00e7ados no aplicativo, e voc\u00ea pode at\u00e9 criar suas pr\u00f3prias sess\u00f5es personalizadas para trabalhar na parte do seu corpo onde voc\u00ea mant\u00e9m sua tens\u00e3o.<\/p>\n\n\n\n<p>[link to app in app store]<\/p>\n\n\n\n<h2 class=\"wp-block-heading has-text-color has-medium-font-size\" style=\"color:#315997;text-transform:capitalize\"><strong>BENEFICIOS DE LA PMR-RELAJACI\u00d3N MUSCULAR PROGRESIVA<\/strong><\/h2>\n\n\n\n<p>Aqui est\u00e3o os principais benef\u00edcios da pr\u00e1ticado relaxamento muscular progressivo:<\/p>\n\n\n\n<ol class=\"wp-block-list\" type=\"1\">\n<li>Redu\u00e7\u00e3o do estresse: O RMP ajuda a liberar a tens\u00e3o f\u00edsica e mental, promovendo uma sensa\u00e7\u00e3o de calma e relaxamento. Ao tensionar conscientemente e depois relaxar os m\u00fasculos, voc\u00ea se torna mais consciente das sensa\u00e7\u00f5es de relaxamento e pode relaxar quandonecess\u00e1rio, o que neutralizar\u00e1 os efeitos do estresse.<\/li>\n\n\n\n<li>Relaxamento muscular: O RMP \u00e9 eficaz na redu\u00e7\u00e3o da tens\u00e3o muscular e na promo\u00e7\u00e3o do relaxamento muscular em todo o corpo. Pode ajudar a aliviar a tens\u00e3o muscular, rigidez e dor, particularmente em \u00e1reas comumente afetadas pelo estresse, como pesco\u00e7o, ombros e mand\u00edbula.<\/li>\n\n\n\n<li>Melhor qualidade do sono: Praticar oRMP antes de dormir pode promover um sono melhor. Ao relaxar os m\u00fasculos e acalmar a mente, voc\u00ea pode reduzir os sintomas de ins\u00f4nia e alcan\u00e7ar um sono mais repousante e rejuvenescedor.<\/li>\n\n\n\n<li>Gerenciamento da ansiedade e estresse: O RMP \u00e9 frequentemente usado como uma t\u00e9cnica de autoajuda para gerenciar a ansiedade e o estresse. A pr\u00e1tica regular pode ajud\u00e1-lo a ficar mais sintonizado com os sinais de tens\u00e3o e estresse do seu corpo, permitindo que voc\u00ea intervenha e relaxe os m\u00fasculos em resposta.<\/li>\n\n\n\n<li>Bem-estar emocional: O relaxamento muscular progressivo pode ter um impacto positivo no bem-estar emocional, reduzindo os sintomas f\u00edsicos associados ao estresse, como aumento da frequ\u00eancia card\u00edaca e respira\u00e7\u00e3o superficial. Ao promover o relaxamento, o RMP pode ajudar a criar uma sensa\u00e7\u00e3o de paz interior e equil\u00edbrio.<\/li>\n\n\n\n<li>Conex\u00e3o mente-corpo: O RMP aumenta a conex\u00e3o mente-corpo, concentrando sua aten\u00e7\u00e3o em diferentes grupos musculares e nas sensa\u00e7\u00f5es que eles experimentam. Essa maior consci\u00eancia do seu corpo pode ajud\u00e1-lo a ficar mais sintonizado com os sinais f\u00edsicos e emocionais, levando a um melhor autocontrole e bem-estar em geral.<\/li>\n\n\n\n<li>Terapia complementar: O RMP pode ser usado como terapia complementar juntamente com outras abordagens de tratamento para v\u00e1rias condi\u00e7\u00f5es, incluindo dor cr\u00f4nica, press\u00e3o alta, dores de cabe\u00e7a e certos dist\u00farbios de sa\u00fade mental. Pode fornecer uma maneira natural e n\u00e3o invasiva de controlar os sintomas e melhorar a qualidade de vida em geral.<\/li>\n\n\n\n<li>Lembre-se de que o RMP aumenta as conex\u00f5es dos neur\u00f4nios para relaxar quando necess\u00e1rio, mas o yoga, a medita\u00e7\u00e3o guiada e a medita\u00e7\u00e3o mindfulness n\u00e3ofazem isso.Como oRMP, esses tr\u00eas m\u00e9todos de relaxamento proporcionam al\u00edvio imediato e muitos benef\u00edcios do relaxamento profundo di\u00e1rio, mas apenas o RMP desenvolve as conex\u00f5es neuronais para permitir que voc\u00ea relaxe rapidamente, quando necess\u00e1rio, quando se sentir tenso ou estressado.<\/li>\n<\/ol>\n\n\n\n<p>Lembre-se de que \u00e9 importante aprender t\u00e9cnicas de relaxamento muscular progressivo com um instrutor qualificado ou por meio de grava\u00e7\u00f5es de \u00e1udio guiadas, como o aplicativo RMP, para garantir a compreens\u00e3o e a pr\u00e1tica adequadas. Quanto mais sess\u00f5es de RMP voc\u00ea faz, mais conex\u00f5es neuronais voc\u00ea desenvolve e, portanto, aumenta sua capacidade de relaxar quando for preciso.<\/p>\n\n\n\n<h2 class=\"wp-block-heading has-text-color has-medium-font-size\" style=\"color:#315997;text-transform:capitalize\">COMO ORMP PODE AJUDAR UMA PESSOA COM ANSIEDADE<\/h2>\n\n\n\n<p>O relaxamento muscular progressivo (RMP) pode ser ben\u00e9fico para indiv\u00edduos com ansiedade de v\u00e1rias maneiras:<\/p>\n\n\n\n<ol class=\"wp-block-list\" type=\"1\">\n<li>Resposta de relaxamento: O RMP ativa a resposta de relaxamento do corpo, neutralizando os efeitos fisiol\u00f3gicos da ansiedade. Ao tensionar sistematicamente e depois liberar grupos musculares, oRMP ajuda a liberar a tens\u00e3o e reduz os sintomas f\u00edsicos associados \u00e0 ansiedade, como aumento da frequ\u00eancia card\u00edaca, respira\u00e7\u00e3o superficial e tens\u00e3o muscular.<\/li>\n\n\n\n<li>Aumento da consci\u00eancia corporal: O RMP aumenta a consci\u00eancia corporal, direcionando a aten\u00e7\u00e3o para diferentes grupos musculares e suas sensa\u00e7\u00f5es. Essa consci\u00eancia aumentada permite que os indiv\u00edduos reconhe\u00e7am e liberem a tens\u00e3o em seus corpos, o que pode ajud\u00e1-los a se tornarem mais sintonizados com as manifesta\u00e7\u00f5es f\u00edsicas da ansiedade e intervir mais cedo no ciclo de ansiedade.<\/li>\n\n\n\n<li>Distra\u00e7\u00e3o e redirecionamento do foco: Engajar-se em RMP fornece uma atividade estruturada e focada que pode desviar a aten\u00e7\u00e3o de pensamentos e preocupa\u00e7\u00f5es ansiosos. Ao se concentrar no processo de tensionar e relaxar os m\u00fasculos, os indiv\u00edduos podem mudar seu foco dos pensamentos que provocam ansiedade e redirecion\u00e1-lo para as sensa\u00e7\u00f5es de relaxamento.<\/li>\n\n\n\n<li>Efeito calmante na mente: O relaxamento induzido peloRMP pode ter um efeito calmante na mente, reduzindo a ansiedade e promovendo uma sensa\u00e7\u00e3o de calma. Ao relaxar o corpo, oRMP pode ajudar a acalmar os pensamentos acelerados e trazer um estado mental mais pac\u00edfico.<\/li>\n\n\n\n<li>Gerenciamento do estresse: O RMP \u00e9 uma ferramenta eficaz de gerenciamento do estresse, e a ansiedade muitas vezes anda de m\u00e3os dadas com o estresse. Ao praticar regularmente o RMP, os indiv\u00edduos podem aprender a gerenciar e reduzir proativamente os n\u00edveis de estresse, o que pode contribuir para uma diminui\u00e7\u00e3o da frequ\u00eancia e intensidade dos sintomas de ansiedade.<\/li>\n\n\n\n<li>Autorregula\u00e7\u00e3o e empoderamento: Aprender e praticar o RMP capacita os indiv\u00edduos com uma ferramenta de autoajuda que eles podem usar sempre que a ansiedade surgir. Ao dominar essa t\u00e9cnica, os indiv\u00edduos adquirem uma sensa\u00e7\u00e3o de controle sobre seus sintomas de ansiedade e podem participar ativamente do gerenciamento de seu bem-estar.<\/li>\n<\/ol>\n\n\n\n<p>Vale a pena notar que, embora o RMP possa ser \u00fatil para controlar a ansiedade, pode n\u00e3o ser um tratamento independente para transtornos de ansiedade. \u00c9 frequentemente usado como parte de um plano de tratamento abrangente que pode incluir terapia, medica\u00e7\u00e3o e outras estrat\u00e9gias adaptadas \u00e0s necessidades espec\u00edficas do indiv\u00edduo. \u00c9 aconselh\u00e1vel consultar um profissional de sa\u00fade ou terapeuta para determinar a abordagem mais apropriada para controlar a ansiedade.<\/p>\n\n\n\n<h2 class=\"wp-block-heading has-text-color has-medium-font-size\" style=\"color:#315997;text-transform:capitalize\">COMO O RMP PODE AJUDAR UMA PESSOA COM MISOFONIA?<\/h2>\n\n\n\n<p>O relaxamento muscular progressivo (RMP) pode proporcionar alguns benef\u00edcios para indiv\u00edduos com misofonia, uma condi\u00e7\u00e3o caracterizada por uma forte resposta emocional ou fisiol\u00f3gica a sons espec\u00edficos. Embora o RMP n\u00e3o aborde diretamente a misofonia, ele pode ajudar os indiv\u00edduos a gerenciar sua resposta aos gatilhos e promover o relaxamento em geral. Veja como o RMP pode ajudar:<\/p>\n\n\n\n<ol class=\"wp-block-list\" type=\"1\">\n<li>Redu\u00e7\u00e3o do estresse: Os gatilhos da misofonia geralmente levam ao aumento do estresse e do sofrimento emocional. O RMP pode ajudar os indiv\u00edduos com misofonia a controlar o estresse, promovendo o relaxamento e reduzindo a tens\u00e3o geral no corpo. Ao praticar o RMP regularmente, os indiv\u00edduos podem experimentar uma diminui\u00e7\u00e3o nos n\u00edveis gerais de estresse, o que pode contribuir para um estado emocional mais equilibrado.<\/li>\n\n\n\n<li>Regula\u00e7\u00e3o emocional: Os gatilhos da misofonia podem provocar rea\u00e7\u00f5es emocionais intensas, como raiva, ansiedade ou irritabilidade. Engajar-se em RMP pode ajudar os indiv\u00edduos a regular suas emo\u00e7\u00f5es, promovendo uma sensa\u00e7\u00e3o de calma e relaxamento. Ao praticar o RMP, os indiv\u00edduos podem se tornar mais bem equipados para responder a gatilhos misof\u00f4nicos com uma resposta emocional mais medida e controlada.<\/li>\n\n\n\n<li>Distra\u00e7\u00e3o e redirecionamento de foco: O RMP envolve focar a aten\u00e7\u00e3o em grupos musculares espec\u00edficos e nas sensa\u00e7\u00f5es de tens\u00e3o e relaxamento. Engajar-se em exerc\u00edcios de RMP pode servir como uma distra\u00e7\u00e3o de gatilhos misof\u00f4nicos e redirecionar a aten\u00e7\u00e3o para o corpo e suas sensa\u00e7\u00f5es. Essa mudan\u00e7a de foco pode ajudar os indiv\u00edduos com misofonia a desviar sua aten\u00e7\u00e3o dos sons desencadeantes e reduzir a intensidade de sua resposta emocional e fisiol\u00f3gica.<\/li>\n\n\n\n<li>T\u00e9cnica de autocompaix\u00e3o: O RMP pode servir como uma t\u00e9cnica de autocompaix\u00e3o para indiv\u00edduos com misofonia. Ao se envolver conscientemente no processo de tensionar e relaxar os m\u00fasculos, os indiv\u00edduos podem encontrar conforto e al\u00edvio do sofrimento causado por gatilhos misof\u00f4nicos. O RMP pode se tornar um mecanismo de enfrentamento que os indiv\u00edduos podem empregar quando encontram sons de gatilho, permitindo que eles gerenciem sua resposta de forma mais eficaz.<\/li>\n\n\n\n<li>Benef\u00edcios gerais do relaxamento: Embora o RMP n\u00e3o aborde diretamente os gatilhos da misofonia, o relaxamento geral induzido pela t\u00e9cnica pode ter um impacto positivo no bem-estar. Ao reduzir a tens\u00e3o muscular, promover o relaxamento e acalmar a mente, o RMP pode contribuir para uma sensa\u00e7\u00e3o geral de relaxamento e melhora do estado emocional, o que pode ajudar indiretamente os indiv\u00edduos com misofonia a lidar com seus gatilhos.<\/li>\n<\/ol>\n\n\n\n<p>Embora o RMP possa oferecer alguns benef\u00edcios para indiv\u00edduos com misofonia, \u00e9 importante notar que a misofonia \u00e9 uma condi\u00e7\u00e3o complexa e as experi\u00eancias individuais podem variar. \u00c9 aconselh\u00e1vel trabalhar com um profissional de sa\u00fade com experi\u00eancia em misofonia ou um profissional de sa\u00fade mental que possa fornecer estrat\u00e9gias e terapias espec\u00edficas adaptadas \u00e0s necessidades do indiv\u00edduo.<\/p>\n\n\n\n<h2 class=\"wp-block-heading has-text-color has-medium-font-size\" style=\"color:#315997;text-transform:capitalize\">O QUE \u00c9 TERAPIA DE RELAXAMENTO E CONTRACONDICIONAMENTO (TRC)?<\/h2>\n\n\n\n<p>A terapia de relaxamento e contracondicionamento \u00e9 uma abordagem terap\u00eautica destinada a reduzir a ansiedade, o medo ou outras respostas emocionais negativas por meio de t\u00e9cnicas de relaxamento e do processo de contracondicionamento. Esta terapia foi desenvolvida por Thomas Dozier para tratar a misofonia. Para obter mais informa\u00e7\u00f5es sobre esta terapia, consulte <a href=\"http:\/\/misophoniatreatment.com\">misophoniatreatment.com<\/a>.<\/p>\n\n\n\n<p>A terapia de relaxamento e contracondicionamento \u00e9 frequentemente conduzida sob a orienta\u00e7\u00e3o de um terapeuta qualificado que pode fornecer apoio, orienta\u00e7\u00e3o e um plano de tratamento estruturado. A terapia pode envolver exerc\u00edcios em sess\u00e3o, tarefas de casa e exposi\u00e7\u00e3o suave aos gatilhos fora das sess\u00f5es de terapia. Thomas Dozier costuma usar o aplicativo Misophonia Trigger Tamer (Controlador de Gatilhos de Misofonia), que pode reduzir a gravidade de um gatilho de &#8220;10&#8221; para &#8220;1&#8221;, para que n\u00e3o haja resposta emocional. As t\u00e9cnicas e estrat\u00e9gias espec\u00edficas usadas na terapia variam dependendo das necessidades do indiv\u00edduo e da natureza de sua misofonia determinada na avalia\u00e7\u00e3o inicial.<\/p>\n","protected":false},"excerpt":{"rendered":"<p>O relaxamento muscular progressivo O relaxamento muscular progressivo (RMP) \u00e9 uma t\u00e9cnica que envolve sistematicamente tensionar e depois relaxar diferentes grupos musculares para induzir um estado de relaxamento profundo e desenvolver novas conex\u00f5es cerebrais para permitir que voc\u00ea relaxe quandodesejar. Este segundo benef\u00edcio, desenvolver novas conex\u00f5es cerebrais para relaxar quando necess\u00e1rio, \u00e9 o benef\u00edcio mais [&hellip;]<\/p>\n","protected":false},"author":4,"featured_media":0,"parent":0,"menu_order":0,"comment_status":"closed","ping_status":"closed","template":"","meta":{"ocean_post_layout":"","ocean_both_sidebars_style":"","ocean_both_sidebars_content_width":0,"ocean_both_sidebars_sidebars_width":0,"ocean_sidebar":"0","ocean_second_sidebar":"0","ocean_disable_margins":"enable","ocean_add_body_class":"","ocean_shortcode_before_top_bar":"","ocean_shortcode_after_top_bar":"","ocean_shortcode_before_header":"","ocean_shortcode_after_header":"","ocean_has_shortcode":"","ocean_shortcode_after_title":"","ocean_shortcode_before_footer_widgets":"","ocean_shortcode_after_footer_widgets":"","ocean_shortcode_before_footer_bottom":"","ocean_shortcode_after_footer_bottom":"","ocean_display_top_bar":"default","ocean_display_header":"default","ocean_header_style":"","ocean_center_header_left_menu":"0","ocean_custom_header_template":"0","ocean_custom_logo":0,"ocean_custom_retina_logo":0,"ocean_custom_logo_max_width":0,"ocean_custom_logo_tablet_max_width":0,"ocean_custom_logo_mobile_max_width":0,"ocean_custom_logo_max_height":0,"ocean_custom_logo_tablet_max_height":0,"ocean_custom_logo_mobile_max_height":0,"ocean_header_custom_menu":"0","ocean_menu_typo_font_family":"0","ocean_menu_typo_font_subset":"","ocean_menu_typo_font_size":0,"ocean_menu_typo_font_size_tablet":0,"ocean_menu_typo_font_size_mobile":0,"ocean_menu_typo_font_size_unit":"px","ocean_menu_typo_font_weight":"","ocean_menu_typo_font_weight_tablet":"","ocean_menu_typo_font_weight_mobile":"","ocean_menu_typo_transform":"","ocean_menu_typo_transform_tablet":"","ocean_menu_typo_transform_mobile":"","ocean_menu_typo_line_height":0,"ocean_menu_typo_line_height_tablet":0,"ocean_menu_typo_line_height_mobile":0,"ocean_menu_typo_line_height_unit":"","ocean_menu_typo_spacing":0,"ocean_menu_typo_spacing_tablet":0,"ocean_menu_typo_spacing_mobile":0,"ocean_menu_typo_spacing_unit":"","ocean_menu_link_color":"","ocean_menu_link_color_hover":"","ocean_menu_link_color_active":"","ocean_menu_link_background":"","ocean_menu_link_hover_background":"","ocean_menu_link_active_background":"","ocean_menu_social_links_bg":"","ocean_menu_social_hover_links_bg":"","ocean_menu_social_links_color":"","ocean_menu_social_hover_links_color":"","ocean_disable_title":"on","ocean_disable_heading":"default","ocean_post_title":"","ocean_post_subheading":"","ocean_post_title_style":"","ocean_post_title_background_color":"","ocean_post_title_background":0,"ocean_post_title_bg_image_position":"","ocean_post_title_bg_image_attachment":"","ocean_post_title_bg_image_repeat":"","ocean_post_title_bg_image_size":"","ocean_post_title_height":0,"ocean_post_title_bg_overlay":0.5,"ocean_post_title_bg_overlay_color":"","ocean_disable_breadcrumbs":"off","ocean_breadcrumbs_color":"","ocean_breadcrumbs_separator_color":"","ocean_breadcrumbs_links_color":"","ocean_breadcrumbs_links_hover_color":"","ocean_display_footer_widgets":"default","ocean_display_footer_bottom":"default","ocean_custom_footer_template":"0","footnotes":""},"class_list":["post-142","page","type-page","status-publish","hentry","entry"],"_links":{"self":[{"href":"https:\/\/pmrapp.com\/pt-pt\/wp-json\/wp\/v2\/pages\/142","targetHints":{"allow":["GET"]}}],"collection":[{"href":"https:\/\/pmrapp.com\/pt-pt\/wp-json\/wp\/v2\/pages"}],"about":[{"href":"https:\/\/pmrapp.com\/pt-pt\/wp-json\/wp\/v2\/types\/page"}],"author":[{"embeddable":true,"href":"https:\/\/pmrapp.com\/pt-pt\/wp-json\/wp\/v2\/users\/4"}],"replies":[{"embeddable":true,"href":"https:\/\/pmrapp.com\/pt-pt\/wp-json\/wp\/v2\/comments?post=142"}],"version-history":[{"count":2,"href":"https:\/\/pmrapp.com\/pt-pt\/wp-json\/wp\/v2\/pages\/142\/revisions"}],"predecessor-version":[{"id":154,"href":"https:\/\/pmrapp.com\/pt-pt\/wp-json\/wp\/v2\/pages\/142\/revisions\/154"}],"wp:attachment":[{"href":"https:\/\/pmrapp.com\/pt-pt\/wp-json\/wp\/v2\/media?parent=142"}],"curies":[{"name":"wp","href":"https:\/\/api.w.org\/{rel}","templated":true}]}}